{"id":355,"date":"2018-10-11T09:32:47","date_gmt":"2018-10-11T09:32:47","guid":{"rendered":"https:\/\/demo.themegrill.com\/zakra-business\/?page_id=355"},"modified":"2021-02-26T02:55:31","modified_gmt":"2021-02-26T02:55:31","slug":"servicios","status":"publish","type":"page","link":"https:\/\/www.sostax.net\/inicio\/servicios\/","title":{"rendered":"Servicios"},"content":{"rendered":"\t\t<div data-elementor-type=\"wp-post\" data-elementor-id=\"355\" class=\"elementor elementor-355\">\n\t\t\t\t\t\t<div class=\"elementor-inner\">\n\t\t\t\t<div class=\"elementor-section-wrap\">\n\t\t\t\t\t\t\t\t\t<section class=\"elementor-section elementor-top-section elementor-element elementor-element-babb98d elementor-section-full_width elementor-section-stretched elementor-section-height-default elementor-section-height-default\" data-id=\"babb98d\" data-element_type=\"section\" data-settings=\"{&quot;stretch_section&quot;:&quot;section-stretched&quot;,&quot;background_background&quot;:&quot;classic&quot;}\">\n\t\t\t\t\t\t<div class=\"elementor-container elementor-column-gap-default\">\n\t\t\t\t\t\t\t<div class=\"elementor-row\">\n\t\t\t\t\t<div class=\"elementor-column elementor-col-100 elementor-top-column elementor-element elementor-element-68d7380\" data-id=\"68d7380\" data-element_type=\"column\">\n\t\t\t<div class=\"elementor-column-wrap elementor-element-populated\">\n\t\t\t\t\t\t\t<div class=\"elementor-widget-wrap\">\n\t\t\t\t\t\t<div class=\"elementor-element elementor-element-bf9cf4d elementor-widget elementor-widget-heading\" data-id=\"bf9cf4d\" data-element_type=\"widget\" data-widget_type=\"heading.default\">\n\t\t\t\t<div class=\"elementor-widget-container\">\n\t\t\t<h2 class=\"elementor-heading-title elementor-size-default\">LO QUE TU NEGOCIO NECESITA<\/h2>\t\t<\/div>\n\t\t\t\t<\/div>\n\t\t\t\t\t\t<\/div>\n\t\t\t\t\t<\/div>\n\t\t<\/div>\n\t\t\t\t\t\t\t\t<\/div>\n\t\t\t\t\t<\/div>\n\t\t<\/section>\n\t\t\t\t<section class=\"elementor-section elementor-top-section elementor-element elementor-element-2619aebb elementor-section-content-middle elementor-section-stretched elementor-section-boxed elementor-section-height-default elementor-section-height-default\" data-id=\"2619aebb\" data-element_type=\"section\" data-settings=\"{&quot;background_background&quot;:&quot;classic&quot;,&quot;stretch_section&quot;:&quot;section-stretched&quot;}\">\n\t\t\t\t\t\t<div class=\"elementor-container elementor-column-gap-no\">\n\t\t\t\t\t\t\t<div class=\"elementor-row\">\n\t\t\t\t\t<div class=\"elementor-column elementor-col-50 elementor-top-column elementor-element elementor-element-5e58698\" data-id=\"5e58698\" data-element_type=\"column\">\n\t\t\t<div class=\"elementor-column-wrap elementor-element-populated\">\n\t\t\t\t\t\t\t<div class=\"elementor-widget-wrap\">\n\t\t\t\t\t\t<div class=\"elementor-element elementor-element-1be3e8d9 elementor-widget-divider--view-line elementor-widget elementor-widget-divider\" data-id=\"1be3e8d9\" data-element_type=\"widget\" data-widget_type=\"divider.default\">\n\t\t\t\t<div class=\"elementor-widget-container\">\n\t\t\t\t\t<div class=\"elementor-divider\">\n\t\t\t<span class=\"elementor-divider-separator\">\n\t\t\t\t\t\t<\/span>\n\t\t<\/div>\n\t\t\t\t<\/div>\n\t\t\t\t<\/div>\n\t\t\t\t<div class=\"elementor-element elementor-element-3687552f elementor-widget elementor-widget-heading\" data-id=\"3687552f\" data-element_type=\"widget\" data-widget_type=\"heading.default\">\n\t\t\t\t<div class=\"elementor-widget-container\">\n\t\t\t<h4 class=\"elementor-heading-title elementor-size-default\">Servicios<\/h4>\t\t<\/div>\n\t\t\t\t<\/div>\n\t\t\t\t\t\t<\/div>\n\t\t\t\t\t<\/div>\n\t\t<\/div>\n\t\t\t\t<div class=\"elementor-column elementor-col-50 elementor-top-column elementor-element elementor-element-212729b1\" data-id=\"212729b1\" data-element_type=\"column\">\n\t\t\t<div class=\"elementor-column-wrap elementor-element-populated\">\n\t\t\t\t\t\t\t<div class=\"elementor-widget-wrap\">\n\t\t\t\t\t\t<div class=\"elementor-element elementor-element-17f8e57f elementor-widget elementor-widget-text-editor\" data-id=\"17f8e57f\" data-element_type=\"widget\" data-widget_type=\"text-editor.default\">\n\t\t\t\t<div class=\"elementor-widget-container\">\n\t\t\t\t\t\t\t\t<div class=\"elementor-text-editor elementor-clearfix\">\n\t\t\t\t<p><strong>S.O.S Tax<\/strong> ofrece una variedad de servicios para mantener a tu negocio fiscalmente en orden. Ofrecemos paquetes de contabilidad que incluyen, pero no est\u00e1n limitados a: pagos estimados, impuestos sobre ganancia, impuestos sobre venta, preparaci\u00f3n de estados financieros, conciliaci\u00f3n de cuentas, pagos de n\u00f3mina, consultor\u00eda ilimitada y m\u00e1s.<\/p><p>Nosotros aperturamos empresas y tramitamos todas las licencias operacionales requeridas para que su negocio pueda operar sin ning\u00fan problema. <strong>S.O.S Tax<\/strong> tambi\u00e9n puede asistirlo en: preparaci\u00f3n y representaci\u00f3n de auditor\u00edas, declaraciones de impuestos, seguros de grupo, m\u00e9dicos y de vida y planificaci\u00f3n financiera.<\/p>\t\t\t\t\t<\/div>\n\t\t\t\t\t\t<\/div>\n\t\t\t\t<\/div>\n\t\t\t\t\t\t<\/div>\n\t\t\t\t\t<\/div>\n\t\t<\/div>\n\t\t\t\t\t\t\t\t<\/div>\n\t\t\t\t\t<\/div>\n\t\t<\/section>\n\t\t\t\t<section class=\"elementor-section elementor-top-section elementor-element elementor-element-4c8f4b19 elementor-section-content-middle elementor-section-boxed elementor-section-height-default elementor-section-height-default\" data-id=\"4c8f4b19\" data-element_type=\"section\">\n\t\t\t\t\t\t<div class=\"elementor-container elementor-column-gap-no\">\n\t\t\t\t\t\t\t<div class=\"elementor-row\">\n\t\t\t\t\t<div class=\"elementor-column elementor-col-100 elementor-top-column elementor-element elementor-element-3f503b36\" data-id=\"3f503b36\" data-element_type=\"column\">\n\t\t\t<div class=\"elementor-column-wrap elementor-element-populated\">\n\t\t\t\t\t\t\t<div class=\"elementor-widget-wrap\">\n\t\t\t\t\t\t<section class=\"elementor-section elementor-inner-section elementor-element elementor-element-5e061f4f elementor-section-content-middle elementor-section-boxed elementor-section-height-default elementor-section-height-default\" data-id=\"5e061f4f\" data-element_type=\"section\">\n\t\t\t\t\t\t<div class=\"elementor-container elementor-column-gap-no\">\n\t\t\t\t\t\t\t<div class=\"elementor-row\">\n\t\t\t\t\t<div class=\"elementor-column elementor-col-50 elementor-inner-column elementor-element elementor-element-3869da61\" data-id=\"3869da61\" data-element_type=\"column\">\n\t\t\t<div class=\"elementor-column-wrap elementor-element-populated\">\n\t\t\t\t\t\t\t<div class=\"elementor-widget-wrap\">\n\t\t\t\t\t\t<div class=\"elementor-element elementor-element-209ab7d7 elementor-invisible elementor-widget elementor-widget-image\" data-id=\"209ab7d7\" data-element_type=\"widget\" data-settings=\"{&quot;_animation&quot;:&quot;fadeInLeft&quot;}\" data-widget_type=\"image.default\">\n\t\t\t\t<div class=\"elementor-widget-container\">\n\t\t\t\t\t\t\t\t<div class=\"elementor-image\">\n\t\t\t\t\t\t\t\t\t\t\t\t<img width=\"812\" height=\"541\" src=\"https:\/\/www.sostax.net\/inicio\/wp-content\/uploads\/2020\/12\/IMG_3764-1024x682.jpg\" class=\"attachment-large size-large wp-image-653\" alt=\"\" loading=\"lazy\" srcset=\"https:\/\/www.sostax.net\/inicio\/wp-content\/uploads\/2020\/12\/IMG_3764-1024x682.jpg 1024w, https:\/\/www.sostax.net\/inicio\/wp-content\/uploads\/2020\/12\/IMG_3764-300x200.jpg 300w, https:\/\/www.sostax.net\/inicio\/wp-content\/uploads\/2020\/12\/IMG_3764-768x512.jpg 768w, https:\/\/www.sostax.net\/inicio\/wp-content\/uploads\/2020\/12\/IMG_3764.jpg 1100w\" sizes=\"(max-width: 812px) 100vw, 812px\" \/>\t\t\t\t\t\t\t\t\t\t\t\t\t\t<\/div>\n\t\t\t\t\t\t<\/div>\n\t\t\t\t<\/div>\n\t\t\t\t\t\t<\/div>\n\t\t\t\t\t<\/div>\n\t\t<\/div>\n\t\t\t\t<div class=\"elementor-column elementor-col-50 elementor-inner-column elementor-element elementor-element-23c92383 elementor-invisible\" data-id=\"23c92383\" data-element_type=\"column\" data-settings=\"{&quot;animation&quot;:&quot;fadeInRight&quot;}\">\n\t\t\t<div class=\"elementor-column-wrap elementor-element-populated\">\n\t\t\t\t\t\t\t<div class=\"elementor-widget-wrap\">\n\t\t\t\t\t\t<div class=\"elementor-element elementor-element-6f7eee5a elementor-widget elementor-widget-heading\" data-id=\"6f7eee5a\" data-element_type=\"widget\" data-widget_type=\"heading.default\">\n\t\t\t\t<div class=\"elementor-widget-container\">\n\t\t\t<h2 class=\"elementor-heading-title elementor-size-default\">Representaci\u00f3n de Auditor\u00edas<\/h2>\t\t<\/div>\n\t\t\t\t<\/div>\n\t\t\t\t<div class=\"elementor-element elementor-element-5b0e1978 elementor-widget elementor-widget-text-editor\" data-id=\"5b0e1978\" data-element_type=\"widget\" data-widget_type=\"text-editor.default\">\n\t\t\t\t<div class=\"elementor-widget-container\">\n\t\t\t\t\t\t\t\t<div class=\"elementor-text-editor elementor-clearfix\">\n\t\t\t\t<p>El IRS puede auditar a cualquier persona o empresa en cualquier momento. Y\u00a0<strong>S.O.S Tax<\/strong>\u00a0puede asistirlo en la preparaci\u00f3n y representaci\u00f3n de su auditor\u00eda por completo.<\/p>\t\t\t\t\t<\/div>\n\t\t\t\t\t\t<\/div>\n\t\t\t\t<\/div>\n\t\t\t\t\t\t<\/div>\n\t\t\t\t\t<\/div>\n\t\t<\/div>\n\t\t\t\t\t\t\t\t<\/div>\n\t\t\t\t\t<\/div>\n\t\t<\/section>\n\t\t\t\t<section class=\"elementor-section elementor-inner-section elementor-element elementor-element-c69bd7b elementor-section-content-middle elementor-reverse-mobile elementor-section-boxed elementor-section-height-default elementor-section-height-default\" data-id=\"c69bd7b\" data-element_type=\"section\" data-settings=\"{&quot;animation&quot;:&quot;none&quot;}\">\n\t\t\t\t\t\t<div class=\"elementor-container elementor-column-gap-no\">\n\t\t\t\t\t\t\t<div class=\"elementor-row\">\n\t\t\t\t\t<div class=\"elementor-column elementor-col-50 elementor-inner-column elementor-element elementor-element-71c2868f elementor-invisible\" data-id=\"71c2868f\" data-element_type=\"column\" data-settings=\"{&quot;animation&quot;:&quot;slideInLeft&quot;}\">\n\t\t\t<div class=\"elementor-column-wrap elementor-element-populated\">\n\t\t\t\t\t\t\t<div class=\"elementor-widget-wrap\">\n\t\t\t\t\t\t<div class=\"elementor-element elementor-element-53eee855 elementor-widget elementor-widget-heading\" data-id=\"53eee855\" data-element_type=\"widget\" data-widget_type=\"heading.default\">\n\t\t\t\t<div class=\"elementor-widget-container\">\n\t\t\t<h2 class=\"elementor-heading-title elementor-size-default\">Licencias Operacionales<\/h2>\t\t<\/div>\n\t\t\t\t<\/div>\n\t\t\t\t<div class=\"elementor-element elementor-element-3a067400 elementor-widget elementor-widget-text-editor\" data-id=\"3a067400\" data-element_type=\"widget\" data-widget_type=\"text-editor.default\">\n\t\t\t\t<div class=\"elementor-widget-container\">\n\t\t\t\t\t\t\t\t<div class=\"elementor-text-editor elementor-clearfix\">\n\t\t\t\t<p>En <strong>S.O.S Tax<\/strong> le ayudamos a obtener sus licencias operacionales con las diferentes dependencias, tanto locales, estatales y federales para que pueda operar sin ning\u00fan riesgo de multas por incumplimiento.<\/p>\t\t\t\t\t<\/div>\n\t\t\t\t\t\t<\/div>\n\t\t\t\t<\/div>\n\t\t\t\t\t\t<\/div>\n\t\t\t\t\t<\/div>\n\t\t<\/div>\n\t\t\t\t<div class=\"elementor-column elementor-col-50 elementor-inner-column elementor-element elementor-element-1514f772\" data-id=\"1514f772\" data-element_type=\"column\">\n\t\t\t<div class=\"elementor-column-wrap elementor-element-populated\">\n\t\t\t\t\t\t\t<div class=\"elementor-widget-wrap\">\n\t\t\t\t\t\t<div class=\"elementor-element elementor-element-557b0b4d elementor-invisible elementor-widget elementor-widget-image\" data-id=\"557b0b4d\" data-element_type=\"widget\" data-settings=\"{&quot;_animation&quot;:&quot;slideInRight&quot;}\" data-widget_type=\"image.default\">\n\t\t\t\t<div class=\"elementor-widget-container\">\n\t\t\t\t\t\t\t\t<div class=\"elementor-image\">\n\t\t\t\t\t\t\t\t\t\t\t\t<img width=\"812\" height=\"541\" src=\"https:\/\/www.sostax.net\/inicio\/wp-content\/uploads\/2020\/12\/foto2-1024x682.jpg\" class=\"attachment-large size-large wp-image-645\" alt=\"\" loading=\"lazy\" srcset=\"https:\/\/www.sostax.net\/inicio\/wp-content\/uploads\/2020\/12\/foto2-1024x682.jpg 1024w, https:\/\/www.sostax.net\/inicio\/wp-content\/uploads\/2020\/12\/foto2-300x200.jpg 300w, https:\/\/www.sostax.net\/inicio\/wp-content\/uploads\/2020\/12\/foto2-768x512.jpg 768w, https:\/\/www.sostax.net\/inicio\/wp-content\/uploads\/2020\/12\/foto2.jpg 1100w\" sizes=\"(max-width: 812px) 100vw, 812px\" \/>\t\t\t\t\t\t\t\t\t\t\t\t\t\t<\/div>\n\t\t\t\t\t\t<\/div>\n\t\t\t\t<\/div>\n\t\t\t\t\t\t<\/div>\n\t\t\t\t\t<\/div>\n\t\t<\/div>\n\t\t\t\t\t\t\t\t<\/div>\n\t\t\t\t\t<\/div>\n\t\t<\/section>\n\t\t\t\t<section class=\"elementor-section elementor-inner-section elementor-element elementor-element-b66e035 elementor-section-content-middle elementor-reverse-mobile elementor-section-boxed elementor-section-height-default elementor-section-height-default\" data-id=\"b66e035\" data-element_type=\"section\">\n\t\t\t\t\t\t<div class=\"elementor-container elementor-column-gap-no\">\n\t\t\t\t\t\t\t<div class=\"elementor-row\">\n\t\t\t\t\t<div class=\"elementor-column elementor-col-50 elementor-inner-column elementor-element elementor-element-a43f5f4\" data-id=\"a43f5f4\" data-element_type=\"column\">\n\t\t\t<div class=\"elementor-column-wrap elementor-element-populated\">\n\t\t\t\t\t\t\t<div class=\"elementor-widget-wrap\">\n\t\t\t\t\t\t<div class=\"elementor-element elementor-element-17422e3 elementor-invisible elementor-widget elementor-widget-image\" data-id=\"17422e3\" data-element_type=\"widget\" data-settings=\"{&quot;_animation&quot;:&quot;fadeInUp&quot;}\" data-widget_type=\"image.default\">\n\t\t\t\t<div class=\"elementor-widget-container\">\n\t\t\t\t\t\t\t\t<div class=\"elementor-image\">\n\t\t\t\t\t\t\t\t\t\t\t\t<img width=\"812\" height=\"541\" src=\"https:\/\/www.sostax.net\/inicio\/wp-content\/uploads\/2020\/12\/foto6-1024x682.jpg\" class=\"attachment-large size-large wp-image-649\" alt=\"\" loading=\"lazy\" srcset=\"https:\/\/www.sostax.net\/inicio\/wp-content\/uploads\/2020\/12\/foto6-1024x682.jpg 1024w, https:\/\/www.sostax.net\/inicio\/wp-content\/uploads\/2020\/12\/foto6-300x200.jpg 300w, https:\/\/www.sostax.net\/inicio\/wp-content\/uploads\/2020\/12\/foto6-768x512.jpg 768w, https:\/\/www.sostax.net\/inicio\/wp-content\/uploads\/2020\/12\/foto6.jpg 1100w\" sizes=\"(max-width: 812px) 100vw, 812px\" \/>\t\t\t\t\t\t\t\t\t\t\t\t\t\t<\/div>\n\t\t\t\t\t\t<\/div>\n\t\t\t\t<\/div>\n\t\t\t\t\t\t<\/div>\n\t\t\t\t\t<\/div>\n\t\t<\/div>\n\t\t\t\t<div class=\"elementor-column elementor-col-50 elementor-inner-column elementor-element elementor-element-91ade30 elementor-invisible\" data-id=\"91ade30\" data-element_type=\"column\" data-settings=\"{&quot;animation&quot;:&quot;fadeInUp&quot;}\">\n\t\t\t<div class=\"elementor-column-wrap elementor-element-populated\">\n\t\t\t\t\t\t\t<div class=\"elementor-widget-wrap\">\n\t\t\t\t\t\t<div class=\"elementor-element elementor-element-a873e91 elementor-widget elementor-widget-heading\" data-id=\"a873e91\" data-element_type=\"widget\" data-widget_type=\"heading.default\">\n\t\t\t\t<div class=\"elementor-widget-container\">\n\t\t\t<h2 class=\"elementor-heading-title elementor-size-default\">Consultor\u00eda Fiscal<\/h2>\t\t<\/div>\n\t\t\t\t<\/div>\n\t\t\t\t<div class=\"elementor-element elementor-element-ac23af2 elementor-widget elementor-widget-text-editor\" data-id=\"ac23af2\" data-element_type=\"widget\" data-widget_type=\"text-editor.default\">\n\t\t\t\t<div class=\"elementor-widget-container\">\n\t\t\t\t\t\t\t\t<div class=\"elementor-text-editor elementor-clearfix\">\n\t\t\t\t<p>Nuestra experiencia de m\u00e1s de 30 a\u00f1os la ponemos al servicio de nuestros clientes para asesorarlos en todos los temas fiscales y contables y est\u00e9n al d\u00eda en todo lo empresarial y personal.<\/p>\t\t\t\t\t<\/div>\n\t\t\t\t\t\t<\/div>\n\t\t\t\t<\/div>\n\t\t\t\t\t\t<\/div>\n\t\t\t\t\t<\/div>\n\t\t<\/div>\n\t\t\t\t\t\t\t\t<\/div>\n\t\t\t\t\t<\/div>\n\t\t<\/section>\n\t\t\t\t<section class=\"elementor-section elementor-inner-section elementor-element elementor-element-c51151c elementor-section-content-middle elementor-reverse-mobile elementor-section-boxed elementor-section-height-default elementor-section-height-default\" data-id=\"c51151c\" data-element_type=\"section\">\n\t\t\t\t\t\t<div class=\"elementor-container elementor-column-gap-no\">\n\t\t\t\t\t\t\t<div class=\"elementor-row\">\n\t\t\t\t\t<div class=\"elementor-column elementor-col-50 elementor-inner-column elementor-element elementor-element-5fa2b38 elementor-invisible\" data-id=\"5fa2b38\" data-element_type=\"column\" data-settings=\"{&quot;animation&quot;:&quot;fadeInUp&quot;}\">\n\t\t\t<div class=\"elementor-column-wrap elementor-element-populated\">\n\t\t\t\t\t\t\t<div class=\"elementor-widget-wrap\">\n\t\t\t\t\t\t<div class=\"elementor-element elementor-element-d414a2e elementor-widget elementor-widget-heading\" data-id=\"d414a2e\" data-element_type=\"widget\" data-widget_type=\"heading.default\">\n\t\t\t\t<div class=\"elementor-widget-container\">\n\t\t\t<h2 class=\"elementor-heading-title elementor-size-default\">No-Residentes<\/h2>\t\t<\/div>\n\t\t\t\t<\/div>\n\t\t\t\t<div class=\"elementor-element elementor-element-4153fb9 elementor-widget elementor-widget-text-editor\" data-id=\"4153fb9\" data-element_type=\"widget\" data-widget_type=\"text-editor.default\">\n\t\t\t\t<div class=\"elementor-widget-container\">\n\t\t\t\t\t\t\t\t<div class=\"elementor-text-editor elementor-clearfix\">\n\t\t\t\t<p>A\u00fan como no residentes puede formalizar su empresa en EEUU as\u00ed como presentar declaraciones de impuestos sin arriesgar su visa de turista,<strong>\u00a0S.O.S Tax<\/strong> lo asesora y colabora con abogados de migraci\u00f3n para obtenci\u00f3n de visa de trabajo o inversionista,<\/p>\t\t\t\t\t<\/div>\n\t\t\t\t\t\t<\/div>\n\t\t\t\t<\/div>\n\t\t\t\t\t\t<\/div>\n\t\t\t\t\t<\/div>\n\t\t<\/div>\n\t\t\t\t<div class=\"elementor-column elementor-col-50 elementor-inner-column elementor-element elementor-element-670627d\" data-id=\"670627d\" data-element_type=\"column\">\n\t\t\t<div class=\"elementor-column-wrap elementor-element-populated\">\n\t\t\t\t\t\t\t<div class=\"elementor-widget-wrap\">\n\t\t\t\t\t\t<div class=\"elementor-element elementor-element-fad3ceb elementor-invisible elementor-widget elementor-widget-image\" data-id=\"fad3ceb\" data-element_type=\"widget\" data-settings=\"{&quot;_animation&quot;:&quot;fadeInUp&quot;}\" data-widget_type=\"image.default\">\n\t\t\t\t<div class=\"elementor-widget-container\">\n\t\t\t\t\t\t\t\t<div class=\"elementor-image\">\n\t\t\t\t\t\t\t\t\t\t\t\t<img width=\"812\" height=\"542\" src=\"https:\/\/www.sostax.net\/inicio\/wp-content\/uploads\/2020\/12\/foto3-1024x683.jpg\" class=\"attachment-large size-large wp-image-646\" alt=\"\" loading=\"lazy\" srcset=\"https:\/\/www.sostax.net\/inicio\/wp-content\/uploads\/2020\/12\/foto3-1024x683.jpg 1024w, https:\/\/www.sostax.net\/inicio\/wp-content\/uploads\/2020\/12\/foto3-300x200.jpg 300w, https:\/\/www.sostax.net\/inicio\/wp-content\/uploads\/2020\/12\/foto3-768x512.jpg 768w, https:\/\/www.sostax.net\/inicio\/wp-content\/uploads\/2020\/12\/foto3-1536x1024.jpg 1536w, https:\/\/www.sostax.net\/inicio\/wp-content\/uploads\/2020\/12\/foto3-2048x1365.jpg 2048w\" sizes=\"(max-width: 812px) 100vw, 812px\" \/>\t\t\t\t\t\t\t\t\t\t\t\t\t\t<\/div>\n\t\t\t\t\t\t<\/div>\n\t\t\t\t<\/div>\n\t\t\t\t\t\t<\/div>\n\t\t\t\t\t<\/div>\n\t\t<\/div>\n\t\t\t\t\t\t\t\t<\/div>\n\t\t\t\t\t<\/div>\n\t\t<\/section>\n\t\t\t\t<section class=\"elementor-section elementor-inner-section elementor-element elementor-element-bfadd5c elementor-section-content-middle elementor-reverse-mobile elementor-section-boxed elementor-section-height-default elementor-section-height-default\" data-id=\"bfadd5c\" data-element_type=\"section\">\n\t\t\t\t\t\t<div class=\"elementor-container elementor-column-gap-no\">\n\t\t\t\t\t\t\t<div class=\"elementor-row\">\n\t\t\t\t\t<div class=\"elementor-column elementor-col-50 elementor-inner-column elementor-element elementor-element-b1f78bf\" data-id=\"b1f78bf\" data-element_type=\"column\">\n\t\t\t<div class=\"elementor-column-wrap elementor-element-populated\">\n\t\t\t\t\t\t\t<div class=\"elementor-widget-wrap\">\n\t\t\t\t\t\t<div class=\"elementor-element elementor-element-8471a2c elementor-invisible elementor-widget elementor-widget-image\" data-id=\"8471a2c\" data-element_type=\"widget\" data-settings=\"{&quot;_animation&quot;:&quot;fadeInLeft&quot;}\" data-widget_type=\"image.default\">\n\t\t\t\t<div class=\"elementor-widget-container\">\n\t\t\t\t\t\t\t\t<div class=\"elementor-image\">\n\t\t\t\t\t\t\t\t\t\t\t\t<img width=\"812\" height=\"541\" src=\"https:\/\/www.sostax.net\/inicio\/wp-content\/uploads\/2021\/02\/seguros2-1024x682.jpg\" class=\"attachment-large size-large wp-image-811\" alt=\"\" loading=\"lazy\" srcset=\"https:\/\/www.sostax.net\/inicio\/wp-content\/uploads\/2021\/02\/seguros2-1024x682.jpg 1024w, https:\/\/www.sostax.net\/inicio\/wp-content\/uploads\/2021\/02\/seguros2-300x200.jpg 300w, https:\/\/www.sostax.net\/inicio\/wp-content\/uploads\/2021\/02\/seguros2-768x512.jpg 768w, https:\/\/www.sostax.net\/inicio\/wp-content\/uploads\/2021\/02\/seguros2-16x12.jpg 16w, https:\/\/www.sostax.net\/inicio\/wp-content\/uploads\/2021\/02\/seguros2.jpg 1100w\" sizes=\"(max-width: 812px) 100vw, 812px\" \/>\t\t\t\t\t\t\t\t\t\t\t\t\t\t<\/div>\n\t\t\t\t\t\t<\/div>\n\t\t\t\t<\/div>\n\t\t\t\t\t\t<\/div>\n\t\t\t\t\t<\/div>\n\t\t<\/div>\n\t\t\t\t<div class=\"elementor-column elementor-col-50 elementor-inner-column elementor-element elementor-element-00f0b73 elementor-invisible\" data-id=\"00f0b73\" data-element_type=\"column\" data-settings=\"{&quot;animation&quot;:&quot;fadeInUp&quot;}\">\n\t\t\t<div class=\"elementor-column-wrap elementor-element-populated\">\n\t\t\t\t\t\t\t<div class=\"elementor-widget-wrap\">\n\t\t\t\t\t\t<div class=\"elementor-element elementor-element-1db80d4 elementor-widget elementor-widget-heading\" data-id=\"1db80d4\" data-element_type=\"widget\" data-widget_type=\"heading.default\">\n\t\t\t\t<div class=\"elementor-widget-container\">\n\t\t\t<h2 class=\"elementor-heading-title elementor-size-default\">Seguros y Bienes Ra\u00edces<\/h2>\t\t<\/div>\n\t\t\t\t<\/div>\n\t\t\t\t<div class=\"elementor-element elementor-element-573e369 elementor-widget elementor-widget-text-editor\" data-id=\"573e369\" data-element_type=\"widget\" data-widget_type=\"text-editor.default\">\n\t\t\t\t<div class=\"elementor-widget-container\">\n\t\t\t\t\t\t\t\t<div class=\"elementor-text-editor elementor-clearfix\">\n\t\t\t\t<p>Extendemos nuestros servicios para apoyar a nuestros clientes en la obtenci\u00f3n de seguros de vida y m\u00e9dicos, as\u00ed mismo les servimos con temas de compra de bienes ra\u00edces tanto comerciales como residenciales apoyando en la documentaci\u00f3n que ser\u00e1 requerida para lograrlo.<\/p>\t\t\t\t\t<\/div>\n\t\t\t\t\t\t<\/div>\n\t\t\t\t<\/div>\n\t\t\t\t\t\t<\/div>\n\t\t\t\t\t<\/div>\n\t\t<\/div>\n\t\t\t\t\t\t\t\t<\/div>\n\t\t\t\t\t<\/div>\n\t\t<\/section>\n\t\t\t\t\t\t<\/div>\n\t\t\t\t\t<\/div>\n\t\t<\/div>\n\t\t\t\t\t\t\t\t<\/div>\n\t\t\t\t\t<\/div>\n\t\t<\/section>\n\t\t\t\t\t\t\t\t\t<\/div>\n\t\t\t<\/div>\n\t\t\t\t\t<\/div>\n\t\t","protected":false},"excerpt":{"rendered":"<p>LO QUE TU NEGOCIO NECESITA Servicios S.O.S Tax ofrece una variedad de servicios para mantener a tu negocio fiscalmente en orden. Ofrecemos paquetes de contabilidad que incluyen, pero no est\u00e1n limitados a: pagos estimados, impuestos sobre ganancia, impuestos sobre venta, preparaci\u00f3n de estados financieros, conciliaci\u00f3n de cuentas, pagos de n\u00f3mina, consultor\u00eda ilimitada y m\u00e1s. Nosotros [&hellip;]<\/p>\n","protected":false},"author":1,"featured_media":0,"parent":0,"menu_order":3,"comment_status":"closed","ping_status":"closed","template":"elementor_header_footer","meta":[],"_links":{"self":[{"href":"https:\/\/www.sostax.net\/inicio\/wp-json\/wp\/v2\/pages\/355"}],"collection":[{"href":"https:\/\/www.sostax.net\/inicio\/wp-json\/wp\/v2\/pages"}],"about":[{"href":"https:\/\/www.sostax.net\/inicio\/wp-json\/wp\/v2\/types\/page"}],"author":[{"embeddable":true,"href":"https:\/\/www.sostax.net\/inicio\/wp-json\/wp\/v2\/users\/1"}],"replies":[{"embeddable":true,"href":"https:\/\/www.sostax.net\/inicio\/wp-json\/wp\/v2\/comments?post=355"}],"version-history":[{"count":35,"href":"https:\/\/www.sostax.net\/inicio\/wp-json\/wp\/v2\/pages\/355\/revisions"}],"predecessor-version":[{"id":817,"href":"https:\/\/www.sostax.net\/inicio\/wp-json\/wp\/v2\/pages\/355\/revisions\/817"}],"wp:attachment":[{"href":"https:\/\/www.sostax.net\/inicio\/wp-json\/wp\/v2\/media?parent=355"}],"curies":[{"name":"wp","href":"https:\/\/api.w.org\/{rel}","templated":true}]}}