{"id":110,"date":"2018-08-08T04:42:46","date_gmt":"2018-08-08T04:42:46","guid":{"rendered":"https:\/\/demo.themegrill.com\/zakra-business\/?page_id=110"},"modified":"2021-03-14T00:46:20","modified_gmt":"2021-03-14T00:46:20","slug":"nosotros","status":"publish","type":"page","link":"https:\/\/www.sostax.net\/inicio\/nosotros\/","title":{"rendered":"Nosotros"},"content":{"rendered":"\t\t<div data-elementor-type=\"wp-post\" data-elementor-id=\"110\" class=\"elementor elementor-110\">\n\t\t\t\t\t\t<div class=\"elementor-inner\">\n\t\t\t\t<div class=\"elementor-section-wrap\">\n\t\t\t\t\t\t\t\t\t<section class=\"elementor-section elementor-top-section elementor-element elementor-element-daab372 elementor-section-full_width elementor-section-stretched elementor-section-height-default elementor-section-height-default\" data-id=\"daab372\" data-element_type=\"section\" data-settings=\"{&quot;stretch_section&quot;:&quot;section-stretched&quot;,&quot;background_background&quot;:&quot;video&quot;,&quot;background_video_link&quot;:&quot;https:\\\/\\\/sostax.net\\\/videos\\\/sos1.mp4&quot;,&quot;background_video_end&quot;:7,&quot;background_play_on_mobile&quot;:&quot;yes&quot;}\">\n\t\t\t\t\t\t\t\t<div class=\"elementor-background-video-container\">\n\t\t\t\t\t\t\t\t\t\t\t\t\t<video class=\"elementor-background-video-hosted elementor-html5-video\" autoplay muted playsinline loop><\/video>\n\t\t\t\t\t\t\t\t\t\t\t<\/div>\n\t\t\t\t\t\t\t\t<div class=\"elementor-container elementor-column-gap-default\">\n\t\t\t\t\t\t\t<div class=\"elementor-row\">\n\t\t\t\t\t<div class=\"elementor-column elementor-col-100 elementor-top-column elementor-element elementor-element-741a9b0\" data-id=\"741a9b0\" data-element_type=\"column\">\n\t\t\t<div class=\"elementor-column-wrap elementor-element-populated\">\n\t\t\t\t\t\t\t<div class=\"elementor-widget-wrap\">\n\t\t\t\t\t\t<div class=\"elementor-element elementor-element-89bdd87 elementor-widget elementor-widget-heading\" data-id=\"89bdd87\" data-element_type=\"widget\" data-widget_type=\"heading.default\">\n\t\t\t\t<div class=\"elementor-widget-container\">\n\t\t\t<h1 class=\"elementor-heading-title elementor-size-default\">NOSOTROS<\/h1>\t\t<\/div>\n\t\t\t\t<\/div>\n\t\t\t\t\t\t<\/div>\n\t\t\t\t\t<\/div>\n\t\t<\/div>\n\t\t\t\t\t\t\t\t<\/div>\n\t\t\t\t\t<\/div>\n\t\t<\/section>\n\t\t\t\t<section class=\"elementor-section elementor-top-section elementor-element elementor-element-0a05dcc elementor-section-boxed elementor-section-height-default elementor-section-height-default\" data-id=\"0a05dcc\" data-element_type=\"section\">\n\t\t\t\t\t\t<div class=\"elementor-container elementor-column-gap-default\">\n\t\t\t\t\t\t\t<div class=\"elementor-row\">\n\t\t\t\t\t<div class=\"elementor-column elementor-col-50 elementor-top-column elementor-element elementor-element-f6e14fa\" data-id=\"f6e14fa\" data-element_type=\"column\">\n\t\t\t<div class=\"elementor-column-wrap elementor-element-populated\">\n\t\t\t\t\t\t\t<div class=\"elementor-widget-wrap\">\n\t\t\t\t\t\t<div class=\"elementor-element elementor-element-4b912c2 elementor-widget elementor-widget-image\" data-id=\"4b912c2\" data-element_type=\"widget\" data-widget_type=\"image.default\">\n\t\t\t\t<div class=\"elementor-widget-container\">\n\t\t\t\t\t\t\t\t<div class=\"elementor-image\">\n\t\t\t\t\t\t\t\t\t\t\t\t<img width=\"812\" height=\"541\" src=\"https:\/\/www.sostax.net\/inicio\/wp-content\/uploads\/2021\/02\/fundadores2-1024x682.jpg\" class=\"attachment-large size-large wp-image-810\" alt=\"\" loading=\"lazy\" srcset=\"https:\/\/www.sostax.net\/inicio\/wp-content\/uploads\/2021\/02\/fundadores2-1024x682.jpg 1024w, https:\/\/www.sostax.net\/inicio\/wp-content\/uploads\/2021\/02\/fundadores2-300x200.jpg 300w, https:\/\/www.sostax.net\/inicio\/wp-content\/uploads\/2021\/02\/fundadores2-768x512.jpg 768w, https:\/\/www.sostax.net\/inicio\/wp-content\/uploads\/2021\/02\/fundadores2-16x12.jpg 16w, https:\/\/www.sostax.net\/inicio\/wp-content\/uploads\/2021\/02\/fundadores2.jpg 1100w\" sizes=\"(max-width: 812px) 100vw, 812px\" \/>\t\t\t\t\t\t\t\t\t\t\t\t\t\t<\/div>\n\t\t\t\t\t\t<\/div>\n\t\t\t\t<\/div>\n\t\t\t\t\t\t<\/div>\n\t\t\t\t\t<\/div>\n\t\t<\/div>\n\t\t\t\t<div class=\"elementor-column elementor-col-50 elementor-top-column elementor-element elementor-element-1fe2b1f\" data-id=\"1fe2b1f\" data-element_type=\"column\">\n\t\t\t<div class=\"elementor-column-wrap elementor-element-populated\">\n\t\t\t\t\t\t\t<div class=\"elementor-widget-wrap\">\n\t\t\t\t\t\t<div class=\"elementor-element elementor-element-cfdc03b elementor-widget elementor-widget-heading\" data-id=\"cfdc03b\" data-element_type=\"widget\" data-widget_type=\"heading.default\">\n\t\t\t\t<div class=\"elementor-widget-container\">\n\t\t\t<h2 class=\"elementor-heading-title elementor-size-default\">Los Fundadores<\/h2>\t\t<\/div>\n\t\t\t\t<\/div>\n\t\t\t\t<div class=\"elementor-element elementor-element-eb5749a elementor-widget elementor-widget-text-editor\" data-id=\"eb5749a\" data-element_type=\"widget\" data-widget_type=\"text-editor.default\">\n\t\t\t\t<div class=\"elementor-widget-container\">\n\t\t\t\t\t\t\t\t<div class=\"elementor-text-editor elementor-clearfix\">\n\t\t\t\t<p style=\"font-weight: 400;\">Con m\u00e1s de 30 a\u00f1os de experiencia en<strong> S.O.S Tax<\/strong>, Mario y Maravilla Motta, comenzaron su empresa haciendo declaraciones de impuestos personales.<\/p><p style=\"font-weight: 400;\">A lo largo de los a\u00f1os, fueron especializ\u00e1ndose e implementando a sus servicios, declaraciones de impuestos empresariales, aperturas de empresas, licencias operacionales y preparaci\u00f3n y representaci\u00f3n de auditor\u00edas, lo cual dio un gran valor a sus servicios y experiencia.<\/p><p style=\"font-weight: 400;\">Algo que los ha hecho destacarse de otras firmas es el valor que dan al ganarse la lealtad de sus clientes al proveerles de una atenci\u00f3n sumamente personalizada por parte de todo su equipo as\u00ed como la confidencialidad, profesionalismo y la asesor\u00eda continua y responsable hacia sus clientes, siendo estos su prioridad.<\/p><p style=\"font-weight: 400;\">Definieron su pr\u00e1ctica profesional siendo sumamente transparentes y claros en todos sus servicios y la explicaci\u00f3n a sus clientes de una forma sencilla y comprensible y ese ha sido el emblema de <strong>S.O.S Tax<\/strong> \u00a0y de sus colaboradores guiada en todo momento por sus fundadores.<\/p>\t\t\t\t\t<\/div>\n\t\t\t\t\t\t<\/div>\n\t\t\t\t<\/div>\n\t\t\t\t\t\t<\/div>\n\t\t\t\t\t<\/div>\n\t\t<\/div>\n\t\t\t\t\t\t\t\t<\/div>\n\t\t\t\t\t<\/div>\n\t\t<\/section>\n\t\t\t\t<section class=\"elementor-section elementor-top-section elementor-element elementor-element-e471cfd elementor-section-stretched elementor-section-boxed elementor-section-height-default elementor-section-height-default\" data-id=\"e471cfd\" data-element_type=\"section\" data-settings=\"{&quot;stretch_section&quot;:&quot;section-stretched&quot;,&quot;background_background&quot;:&quot;classic&quot;}\">\n\t\t\t\t\t\t<div class=\"elementor-container elementor-column-gap-default\">\n\t\t\t\t\t\t\t<div class=\"elementor-row\">\n\t\t\t\t\t<div class=\"elementor-column elementor-col-33 elementor-top-column elementor-element elementor-element-a020d90\" data-id=\"a020d90\" data-element_type=\"column\">\n\t\t\t<div class=\"elementor-column-wrap\">\n\t\t\t\t\t\t\t<div class=\"elementor-widget-wrap\">\n\t\t\t\t\t\t\t\t<\/div>\n\t\t\t\t\t<\/div>\n\t\t<\/div>\n\t\t\t\t<div class=\"elementor-column elementor-col-33 elementor-top-column elementor-element elementor-element-3b829a3\" data-id=\"3b829a3\" data-element_type=\"column\">\n\t\t\t<div class=\"elementor-column-wrap elementor-element-populated\">\n\t\t\t\t\t\t\t<div class=\"elementor-widget-wrap\">\n\t\t\t\t\t\t<div class=\"elementor-element elementor-element-a7d966c elementor-widget elementor-widget-heading\" data-id=\"a7d966c\" data-element_type=\"widget\" data-widget_type=\"heading.default\">\n\t\t\t\t<div class=\"elementor-widget-container\">\n\t\t\t<h2 class=\"elementor-heading-title elementor-size-default\">Bienvenido a S.O.S Tax, Impuestos, Incorporaci\u00f3n y Contabilidad<\/h2>\t\t<\/div>\n\t\t\t\t<\/div>\n\t\t\t\t<div class=\"elementor-element elementor-element-b107871 elementor-widget elementor-widget-text-editor\" data-id=\"b107871\" data-element_type=\"widget\" data-widget_type=\"text-editor.default\">\n\t\t\t\t<div class=\"elementor-widget-container\">\n\t\t\t\t\t\t\t\t<div class=\"elementor-text-editor elementor-clearfix\">\n\t\t\t\t<p><span style=\"font-family: Arial, sans-serif; font-size: medium;\"><strong>S.O.S Tax<\/strong> formada hace m\u00e1s de 30 a\u00f1os, hemos logrado con nuestro servicio profesional y nuestra entrega a nuestros clientes, expandirnos a San Diego, Ca, Las Vegas, Nv, Miami, Fl y Tijuana, Mex. <\/span><span style=\"font-family: Arial, sans-serif; font-size: medium;\">Hoy <strong>S.O.S Tax<\/strong> es reconocido por su excelente atenci\u00f3n al cliente, dedicaci\u00f3n al igual que su labor profesional e impecable.<\/span><\/p><p><span style=\"font-family: Arial, sans-serif; font-size: medium;\"><b>NOS ORGULLECEMOS EN LO QUE HACEMOS Y C\u00d3MO LO HACEMOS\u00a0<\/b><\/span><\/p><p>Nuestros clientes son nuestra prioridad y queremos que se despreocupen y est\u00e9n tranquilos sabiendo que nosotros les llevamos la contabilidad e impuestos. Nosotros nos adaptamos a las necesidades de los clientes y lo atendemos personalmente para estar al d\u00eda con su negocio, creando estrategias fiscales que le permitan optimizar al m\u00e1ximo su pago de impuestos.<\/p><p>Nosotros no solo somos biling\u00fces sino tambi\u00e9n biculturales, por lo que no solo hablamos su idioma, sino que entendemos su cultura y de esta manera creamos compenetraci\u00f3n con usted y su negocio para trabajar m\u00e1s eficientemente, dejando que usted se enfoque en lo que hace y se despreocupe de la parte fiscal y contable sabiendo que tiene expertos trabajando para usted. <strong>S.O.S Tax<\/strong> es la soluci\u00f3n fiscal a su negocio y se lo podemos comprobar<\/p>\t\t\t\t\t<\/div>\n\t\t\t\t\t\t<\/div>\n\t\t\t\t<\/div>\n\t\t\t\t\t\t<\/div>\n\t\t\t\t\t<\/div>\n\t\t<\/div>\n\t\t\t\t<div class=\"elementor-column elementor-col-33 elementor-top-column elementor-element elementor-element-b590d11\" data-id=\"b590d11\" data-element_type=\"column\">\n\t\t\t<div class=\"elementor-column-wrap\">\n\t\t\t\t\t\t\t<div class=\"elementor-widget-wrap\">\n\t\t\t\t\t\t\t\t<\/div>\n\t\t\t\t\t<\/div>\n\t\t<\/div>\n\t\t\t\t\t\t\t\t<\/div>\n\t\t\t\t\t<\/div>\n\t\t<\/section>\n\t\t\t\t<section class=\"elementor-section elementor-top-section elementor-element elementor-element-219d9190 elementor-section-content-middle elementor-section-boxed elementor-section-height-default elementor-section-height-default\" data-id=\"219d9190\" data-element_type=\"section\">\n\t\t\t\t\t\t<div class=\"elementor-container elementor-column-gap-no\">\n\t\t\t\t\t\t\t<div class=\"elementor-row\">\n\t\t\t\t\t<div class=\"elementor-column elementor-col-100 elementor-top-column elementor-element elementor-element-606198f8\" data-id=\"606198f8\" data-element_type=\"column\">\n\t\t\t<div class=\"elementor-column-wrap elementor-element-populated\">\n\t\t\t\t\t\t\t<div class=\"elementor-widget-wrap\">\n\t\t\t\t\t\t<section class=\"elementor-section elementor-inner-section elementor-element elementor-element-1133d3f3 elementor-section-content-middle elementor-section-boxed elementor-section-height-default elementor-section-height-default\" data-id=\"1133d3f3\" data-element_type=\"section\">\n\t\t\t\t\t\t<div class=\"elementor-container elementor-column-gap-no\">\n\t\t\t\t\t\t\t<div class=\"elementor-row\">\n\t\t\t\t\t<div class=\"elementor-column elementor-col-50 elementor-inner-column elementor-element elementor-element-27f624dd\" data-id=\"27f624dd\" data-element_type=\"column\">\n\t\t\t<div class=\"elementor-column-wrap elementor-element-populated\">\n\t\t\t\t\t\t\t<div class=\"elementor-widget-wrap\">\n\t\t\t\t\t\t<div class=\"elementor-element elementor-element-7cfb9fad elementor-invisible elementor-widget elementor-widget-image\" data-id=\"7cfb9fad\" data-element_type=\"widget\" data-settings=\"{&quot;_animation&quot;:&quot;fadeInLeft&quot;}\" data-widget_type=\"image.default\">\n\t\t\t\t<div class=\"elementor-widget-container\">\n\t\t\t\t\t\t\t\t<div class=\"elementor-image\">\n\t\t\t\t\t\t\t\t\t\t\t\t<img width=\"812\" height=\"541\" src=\"https:\/\/www.sostax.net\/inicio\/wp-content\/uploads\/2020\/09\/DSC01361-1024x682.jpg\" class=\"attachment-large size-large wp-image-535\" alt=\"\" loading=\"lazy\" srcset=\"https:\/\/www.sostax.net\/inicio\/wp-content\/uploads\/2020\/09\/DSC01361-1024x682.jpg 1024w, https:\/\/www.sostax.net\/inicio\/wp-content\/uploads\/2020\/09\/DSC01361-300x200.jpg 300w, https:\/\/www.sostax.net\/inicio\/wp-content\/uploads\/2020\/09\/DSC01361-768x512.jpg 768w, https:\/\/www.sostax.net\/inicio\/wp-content\/uploads\/2020\/09\/DSC01361.jpg 1100w\" sizes=\"(max-width: 812px) 100vw, 812px\" \/>\t\t\t\t\t\t\t\t\t\t\t\t\t\t<\/div>\n\t\t\t\t\t\t<\/div>\n\t\t\t\t<\/div>\n\t\t\t\t\t\t<\/div>\n\t\t\t\t\t<\/div>\n\t\t<\/div>\n\t\t\t\t<div class=\"elementor-column elementor-col-50 elementor-inner-column elementor-element elementor-element-684ecb5\" data-id=\"684ecb5\" data-element_type=\"column\">\n\t\t\t<div class=\"elementor-column-wrap elementor-element-populated\">\n\t\t\t\t\t\t\t<div class=\"elementor-widget-wrap\">\n\t\t\t\t\t\t<div class=\"elementor-element elementor-element-6f182f9 elementor-widget elementor-widget-image\" data-id=\"6f182f9\" data-element_type=\"widget\" data-widget_type=\"image.default\">\n\t\t\t\t<div class=\"elementor-widget-container\">\n\t\t\t\t\t\t\t\t<div class=\"elementor-image\">\n\t\t\t\t\t\t\t\t\t\t\t\t<img src=\"https:\/\/www.sostax.net\/inicio\/wp-content\/uploads\/2020\/09\/iconos-02.png\" title=\"iconos-02\" alt=\"iconos-02\" loading=\"lazy\" \/>\t\t\t\t\t\t\t\t\t\t\t\t\t\t<\/div>\n\t\t\t\t\t\t<\/div>\n\t\t\t\t<\/div>\n\t\t\t\t<div class=\"elementor-element elementor-element-2031b882 elementor-widget elementor-widget-heading\" data-id=\"2031b882\" data-element_type=\"widget\" data-widget_type=\"heading.default\">\n\t\t\t\t<div class=\"elementor-widget-container\">\n\t\t\t<h2 class=\"elementor-heading-title elementor-size-default\">Misi\u00f3n<\/h2>\t\t<\/div>\n\t\t\t\t<\/div>\n\t\t\t\t<div class=\"elementor-element elementor-element-38edd193 elementor-widget elementor-widget-text-editor\" data-id=\"38edd193\" data-element_type=\"widget\" data-widget_type=\"text-editor.default\">\n\t\t\t\t<div class=\"elementor-widget-container\">\n\t\t\t\t\t\t\t\t<div class=\"elementor-text-editor elementor-clearfix\">\n\t\t\t\t<p>Nuestro compromiso es la soluci\u00f3n profesional a las necesidades de nuestros clientes en diversos temas organizacionales, fiscales y contables ofreci\u00e9ndoles nuestra experiencia y capacitaci\u00f3n contin\u00faa.<\/p>\t\t\t\t\t<\/div>\n\t\t\t\t\t\t<\/div>\n\t\t\t\t<\/div>\n\t\t\t\t\t\t<\/div>\n\t\t\t\t\t<\/div>\n\t\t<\/div>\n\t\t\t\t\t\t\t\t<\/div>\n\t\t\t\t\t<\/div>\n\t\t<\/section>\n\t\t\t\t<section class=\"elementor-section elementor-inner-section elementor-element elementor-element-54b5e10b elementor-section-content-middle elementor-reverse-mobile elementor-section-boxed elementor-section-height-default elementor-section-height-default\" data-id=\"54b5e10b\" data-element_type=\"section\">\n\t\t\t\t\t\t<div class=\"elementor-container elementor-column-gap-no\">\n\t\t\t\t\t\t\t<div class=\"elementor-row\">\n\t\t\t\t\t<div class=\"elementor-column elementor-col-50 elementor-inner-column elementor-element elementor-element-1f35dc9b\" data-id=\"1f35dc9b\" data-element_type=\"column\">\n\t\t\t<div class=\"elementor-column-wrap elementor-element-populated\">\n\t\t\t\t\t\t\t<div class=\"elementor-widget-wrap\">\n\t\t\t\t\t\t<div class=\"elementor-element elementor-element-7a9c1fe elementor-widget elementor-widget-image\" data-id=\"7a9c1fe\" data-element_type=\"widget\" data-widget_type=\"image.default\">\n\t\t\t\t<div class=\"elementor-widget-container\">\n\t\t\t\t\t\t\t\t<div class=\"elementor-image\">\n\t\t\t\t\t\t\t\t\t\t\t\t<img src=\"https:\/\/www.sostax.net\/inicio\/wp-content\/uploads\/2020\/09\/iconos-03.png\" title=\"iconos-03\" alt=\"iconos-03\" loading=\"lazy\" \/>\t\t\t\t\t\t\t\t\t\t\t\t\t\t<\/div>\n\t\t\t\t\t\t<\/div>\n\t\t\t\t<\/div>\n\t\t\t\t<div class=\"elementor-element elementor-element-1b9127a4 elementor-widget elementor-widget-heading\" data-id=\"1b9127a4\" data-element_type=\"widget\" data-widget_type=\"heading.default\">\n\t\t\t\t<div class=\"elementor-widget-container\">\n\t\t\t<h2 class=\"elementor-heading-title elementor-size-default\">Visi\u00f3n<\/h2>\t\t<\/div>\n\t\t\t\t<\/div>\n\t\t\t\t<div class=\"elementor-element elementor-element-fa5c692 elementor-widget elementor-widget-text-editor\" data-id=\"fa5c692\" data-element_type=\"widget\" data-widget_type=\"text-editor.default\">\n\t\t\t\t<div class=\"elementor-widget-container\">\n\t\t\t\t\t\t\t\t<div class=\"elementor-text-editor elementor-clearfix\">\n\t\t\t\t<p>Somos un corporativo multinacional de cerca de 30 a\u00f1os de experiencia con servicios integrales en creaci\u00f3n de empresas, \u00e1reas fiscales y contables y con servicios profesionales de alta exigencia multicultural y biling\u00fce y comunicaciones estrat\u00e9gicas en varias ciudades de la Uni\u00f3n Americana.<\/p>\t\t\t\t\t<\/div>\n\t\t\t\t\t\t<\/div>\n\t\t\t\t<\/div>\n\t\t\t\t\t\t<\/div>\n\t\t\t\t\t<\/div>\n\t\t<\/div>\n\t\t\t\t<div class=\"elementor-column elementor-col-50 elementor-inner-column elementor-element elementor-element-45e61384\" data-id=\"45e61384\" data-element_type=\"column\">\n\t\t\t<div class=\"elementor-column-wrap elementor-element-populated\">\n\t\t\t\t\t\t\t<div class=\"elementor-widget-wrap\">\n\t\t\t\t\t\t<div class=\"elementor-element elementor-element-5ac288be elementor-invisible elementor-widget elementor-widget-image\" data-id=\"5ac288be\" data-element_type=\"widget\" data-settings=\"{&quot;_animation&quot;:&quot;fadeInRight&quot;}\" data-widget_type=\"image.default\">\n\t\t\t\t<div class=\"elementor-widget-container\">\n\t\t\t\t\t\t\t\t<div class=\"elementor-image\">\n\t\t\t\t\t\t\t\t\t\t\t\t<img width=\"812\" height=\"541\" src=\"https:\/\/www.sostax.net\/inicio\/wp-content\/uploads\/2020\/09\/EN8_9993-1-1024x682.jpg\" class=\"attachment-large size-large wp-image-536\" alt=\"\" loading=\"lazy\" srcset=\"https:\/\/www.sostax.net\/inicio\/wp-content\/uploads\/2020\/09\/EN8_9993-1-1024x682.jpg 1024w, https:\/\/www.sostax.net\/inicio\/wp-content\/uploads\/2020\/09\/EN8_9993-1-300x200.jpg 300w, https:\/\/www.sostax.net\/inicio\/wp-content\/uploads\/2020\/09\/EN8_9993-1-768x512.jpg 768w, https:\/\/www.sostax.net\/inicio\/wp-content\/uploads\/2020\/09\/EN8_9993-1.jpg 1100w\" sizes=\"(max-width: 812px) 100vw, 812px\" \/>\t\t\t\t\t\t\t\t\t\t\t\t\t\t<\/div>\n\t\t\t\t\t\t<\/div>\n\t\t\t\t<\/div>\n\t\t\t\t\t\t<\/div>\n\t\t\t\t\t<\/div>\n\t\t<\/div>\n\t\t\t\t\t\t\t\t<\/div>\n\t\t\t\t\t<\/div>\n\t\t<\/section>\n\t\t\t\t<section class=\"elementor-section elementor-inner-section elementor-element elementor-element-ba3342c elementor-section-content-middle elementor-section-boxed elementor-section-height-default elementor-section-height-default\" data-id=\"ba3342c\" data-element_type=\"section\">\n\t\t\t\t\t\t<div class=\"elementor-container elementor-column-gap-no\">\n\t\t\t\t\t\t\t<div class=\"elementor-row\">\n\t\t\t\t\t<div class=\"elementor-column elementor-col-50 elementor-inner-column elementor-element elementor-element-2fe7888\" data-id=\"2fe7888\" data-element_type=\"column\">\n\t\t\t<div class=\"elementor-column-wrap elementor-element-populated\">\n\t\t\t\t\t\t\t<div class=\"elementor-widget-wrap\">\n\t\t\t\t\t\t<div class=\"elementor-element elementor-element-10b5ab0 elementor-invisible elementor-widget elementor-widget-image\" data-id=\"10b5ab0\" data-element_type=\"widget\" data-settings=\"{&quot;_animation&quot;:&quot;fadeInLeft&quot;}\" data-widget_type=\"image.default\">\n\t\t\t\t<div class=\"elementor-widget-container\">\n\t\t\t\t\t\t\t\t<div class=\"elementor-image\">\n\t\t\t\t\t\t\t\t\t\t\t\t<img width=\"812\" height=\"541\" src=\"https:\/\/www.sostax.net\/inicio\/wp-content\/uploads\/2020\/09\/DSC01352-1024x682.jpg\" class=\"attachment-large size-large wp-image-534\" alt=\"\" loading=\"lazy\" srcset=\"https:\/\/www.sostax.net\/inicio\/wp-content\/uploads\/2020\/09\/DSC01352-1024x682.jpg 1024w, https:\/\/www.sostax.net\/inicio\/wp-content\/uploads\/2020\/09\/DSC01352-300x200.jpg 300w, https:\/\/www.sostax.net\/inicio\/wp-content\/uploads\/2020\/09\/DSC01352-768x512.jpg 768w, https:\/\/www.sostax.net\/inicio\/wp-content\/uploads\/2020\/09\/DSC01352.jpg 1100w\" sizes=\"(max-width: 812px) 100vw, 812px\" \/>\t\t\t\t\t\t\t\t\t\t\t\t\t\t<\/div>\n\t\t\t\t\t\t<\/div>\n\t\t\t\t<\/div>\n\t\t\t\t\t\t<\/div>\n\t\t\t\t\t<\/div>\n\t\t<\/div>\n\t\t\t\t<div class=\"elementor-column elementor-col-50 elementor-inner-column elementor-element elementor-element-b2313d1\" data-id=\"b2313d1\" data-element_type=\"column\">\n\t\t\t<div class=\"elementor-column-wrap elementor-element-populated\">\n\t\t\t\t\t\t\t<div class=\"elementor-widget-wrap\">\n\t\t\t\t\t\t<div class=\"elementor-element elementor-element-f0634fc elementor-widget elementor-widget-image\" data-id=\"f0634fc\" data-element_type=\"widget\" data-widget_type=\"image.default\">\n\t\t\t\t<div class=\"elementor-widget-container\">\n\t\t\t\t\t\t\t\t<div class=\"elementor-image\">\n\t\t\t\t\t\t\t\t\t\t\t\t<img src=\"https:\/\/www.sostax.net\/inicio\/wp-content\/uploads\/2020\/09\/iconos-04.png\" title=\"iconos-04\" alt=\"iconos-04\" loading=\"lazy\" \/>\t\t\t\t\t\t\t\t\t\t\t\t\t\t<\/div>\n\t\t\t\t\t\t<\/div>\n\t\t\t\t<\/div>\n\t\t\t\t<div class=\"elementor-element elementor-element-5e0315f elementor-widget elementor-widget-heading\" data-id=\"5e0315f\" data-element_type=\"widget\" data-widget_type=\"heading.default\">\n\t\t\t\t<div class=\"elementor-widget-container\">\n\t\t\t<h2 class=\"elementor-heading-title elementor-size-default\">Valores<\/h2>\t\t<\/div>\n\t\t\t\t<\/div>\n\t\t\t\t<div class=\"elementor-element elementor-element-b3b514b elementor-widget elementor-widget-text-editor\" data-id=\"b3b514b\" data-element_type=\"widget\" data-widget_type=\"text-editor.default\">\n\t\t\t\t<div class=\"elementor-widget-container\">\n\t\t\t\t\t\t\t\t<div class=\"elementor-text-editor elementor-clearfix\">\n\t\t\t\t<p>Integridad, lealtad, responsabilidad, confidencialidad y atenci\u00f3n personal.<\/p>\t\t\t\t\t<\/div>\n\t\t\t\t\t\t<\/div>\n\t\t\t\t<\/div>\n\t\t\t\t\t\t<\/div>\n\t\t\t\t\t<\/div>\n\t\t<\/div>\n\t\t\t\t\t\t\t\t<\/div>\n\t\t\t\t\t<\/div>\n\t\t<\/section>\n\t\t\t\t\t\t<\/div>\n\t\t\t\t\t<\/div>\n\t\t<\/div>\n\t\t\t\t\t\t\t\t<\/div>\n\t\t\t\t\t<\/div>\n\t\t<\/section>\n\t\t\t\t\t\t\t\t\t<\/div>\n\t\t\t<\/div>\n\t\t\t\t\t<\/div>\n\t\t","protected":false},"excerpt":{"rendered":"<p>NOSOTROS Los Fundadores Con m\u00e1s de 30 a\u00f1os de experiencia en S.O.S Tax, Mario y Maravilla Motta, comenzaron su empresa haciendo declaraciones de impuestos personales. A lo largo de los a\u00f1os, fueron especializ\u00e1ndose e implementando a sus servicios, declaraciones de impuestos empresariales, aperturas de empresas, licencias operacionales y preparaci\u00f3n y representaci\u00f3n de auditor\u00edas, lo cual [&hellip;]<\/p>\n","protected":false},"author":1,"featured_media":0,"parent":0,"menu_order":2,"comment_status":"closed","ping_status":"closed","template":"elementor_header_footer","meta":[],"_links":{"self":[{"href":"https:\/\/www.sostax.net\/inicio\/wp-json\/wp\/v2\/pages\/110"}],"collection":[{"href":"https:\/\/www.sostax.net\/inicio\/wp-json\/wp\/v2\/pages"}],"about":[{"href":"https:\/\/www.sostax.net\/inicio\/wp-json\/wp\/v2\/types\/page"}],"author":[{"embeddable":true,"href":"https:\/\/www.sostax.net\/inicio\/wp-json\/wp\/v2\/users\/1"}],"replies":[{"embeddable":true,"href":"https:\/\/www.sostax.net\/inicio\/wp-json\/wp\/v2\/comments?post=110"}],"version-history":[{"count":41,"href":"https:\/\/www.sostax.net\/inicio\/wp-json\/wp\/v2\/pages\/110\/revisions"}],"predecessor-version":[{"id":836,"href":"https:\/\/www.sostax.net\/inicio\/wp-json\/wp\/v2\/pages\/110\/revisions\/836"}],"wp:attachment":[{"href":"https:\/\/www.sostax.net\/inicio\/wp-json\/wp\/v2\/media?parent=110"}],"curies":[{"name":"wp","href":"https:\/\/api.w.org\/{rel}","templated":true}]}}